{"id":1234,"date":"2026-04-01T01:50:37","date_gmt":"2026-04-01T01:50:37","guid":{"rendered":"https:\/\/www.mimmobaby.com\/?post_type=product&#038;p=1234"},"modified":"2026-04-01T01:50:38","modified_gmt":"2026-04-01T01:50:38","slug":"lionelo-bamboo-swaddle","status":"publish","type":"product","link":"https:\/\/www.mimmobaby.com\/?product=lionelo-bamboo-swaddle","title":{"rendered":"Lionelo Bamboo Swaddle"},"content":{"rendered":"<div class=\"product__description rte quick-add-hidden\">\n<p data-start=\"160\" data-end=\"266\"><span class=\"relative -mx-px my-[-0.2rem] rounded px-px py-[0.2rem] transition-colors duration-100 ease-in-out\">Lionelo Bamboo Swaddle ofron dy versione elegante dhe t\u00eb ndrysh\u00ebm, n\u00eb ngjyr\u00eb\u00a0<strong data-start=\"77\" data-end=\"91\">Green Mint<\/strong>\u00a0dhe\u00a0<strong data-start=\"96\" data-end=\"110\">Beige Sand<\/strong>, q\u00eb p\u00ebrb\u00ebjn\u00eb nj\u00eb zgjidhje t\u00eb p\u00ebrkryer p\u00ebr prind\u00ebr q\u00eb k\u00ebrkojn\u00eb rehati, but\u00ebsi dhe funksionalitet n\u00eb trajtimin e foshnj\u00ebs q\u00eb nga lindja. T\u00eb dy mb\u00ebshtjell\u00ebsit kan\u00eb p\u00ebrmasa\u00a0<strong data-start=\"280\" data-end=\"296\">120 \u00d7\u202f120 cm<\/strong>, gj\u00eb q\u00eb u jep hap\u00ebsir\u00eb t\u00eb bollshme p\u00ebr t\u00eb krijuar nj\u00eb mjedis ngush\u00ebllues dhe t\u00eb ngroht\u00eb \u2013 duke imituar ndjesin\u00eb e brendshme t\u00eb mitr\u00ebs \u2013 \u00e7ka mund t\u00eb ndihmoj\u00eb foshnjat t\u00eb qet\u00ebsohen dhe t\u00eb flen\u00eb m\u00eb leht\u00eb pas lindjes<\/span>.<\/p>\n<p data-start=\"268\" data-end=\"382\"><span class=\"relative -mx-px my-[-0.2rem] rounded px-px py-[0.2rem] transition-colors duration-100 ease-in-out\">Ata jan\u00eb krijuar nga\u00a0<strong data-start=\"21\" data-end=\"51\">100\u202f% pambuk bambu cil\u00ebsor<\/strong>, nj\u00eb material natyral i cili nuk irriton l\u00ebkur\u00ebn e ndjeshme t\u00eb bebes, ofron veti\u00a0<strong data-start=\"133\" data-end=\"154\">termo-rregulluese<\/strong>, p\u00ebr nj\u00eb ambient t\u00eb p\u00ebrshtatsh\u00ebm n\u00eb \u00e7do stin\u00eb \u2013 i fresk\u00ebt n\u00eb ver\u00eb dhe ngroht\u00eb n\u00eb dim\u00ebr<\/span>\u00a0.\u00a0<span class=\"relative -mx-px my-[-0.2rem] rounded px-px py-[0.2rem] transition-colors duration-100 ease-in-out\">P\u00ebr m\u00eb tep\u00ebr, materiali \u00ebsht\u00eb\u00a0<strong data-start=\"30\" data-end=\"77\">antibakterial, antifungal dhe hypoallergjik<\/strong>, pa kimikate t\u00eb d\u00ebmshme, duke e b\u00ebr\u00eb t\u00eb sigurt p\u00ebr p\u00ebrdorim t\u00eb p\u00ebrditsh\u00ebm n\u00eb kontakt t\u00eb ngadalsh\u00ebm me l\u00ebkur\u00ebn e foshnj\u00ebs.<\/span><\/p>\n<p data-start=\"384\" data-end=\"762\"><span class=\"relative -mx-px my-[-0.2rem] rounded px-px py-[0.2rem] transition-colors duration-100 ease-in-out\">Ky mb\u00ebshtjell\u00ebs \u00ebsht\u00eb shum\u00eb praktik dhe i leht\u00eb p\u00ebr t\u2019u mbajtur higjenik: mund t\u00eb lahet n\u00eb lavatri\u00e7e n\u00eb 30\u202f\u00b0C, duke ruajtur but\u00ebsin\u00eb dhe struktur\u00ebn natyrale edhe pas larjeve t\u00eb shumta<\/span>\u00a0. Gjithashtu, \u00ebsht\u00eb multifunksional \u2013 mund t\u00eb p\u00ebrdoret si mb\u00ebshtjell\u00ebs p\u00ebr gjum\u00eb, shtres\u00eb p\u00ebr karroc\u00eb, peshqir i leht\u00eb pas dushit, shtres\u00eb p\u00ebr tavolin\u00eb gjat\u00eb nd\u00ebrrimeve t\u00eb pelenave, mbules\u00eb gjat\u00eb ushtrimeve me mash\u00eb, ose mbules\u00eb p\u00ebr plazh \u2013 duke e b\u00ebr\u00eb nj\u00eb aksesor t\u00eb domosdosh\u00ebm n\u00eb sall\u00ebn e \u00e7do prindi.<\/p>\n<p data-start=\"764\" data-end=\"1047\">Dizajni i k\u00ebndsh\u00ebm i ngjyrave sjell edhe nj\u00eb prekje estetike t\u00eb p\u00ebrditshme: \u201cGreen Mint\u201d ofron nj\u00eb ton t\u00eb fresk\u00ebt dhe natyror, duke ndri\u00e7uar ambientin e foshnj\u00ebs, nd\u00ebrsa \u201cBeige Sand\u201d sjell nj\u00eb ndjesi ngroht\u00ebsie, qet\u00ebsie dhe eleganc\u00eb pa koh\u00eb, ideale p\u00ebr kombinime t\u00eb tjera tekstilesh.<\/p>\n<\/div>\n<p>&nbsp;<\/p>\n","protected":false},"excerpt":{"rendered":"<p>Lionelo Bamboo Swaddle ofron dy versione elegante dhe t\u00eb ndrysh\u00ebm, n\u00eb ngjyr\u00eb\u00a0Green Mint\u00a0dhe\u00a0Beige Sand, q\u00eb p\u00ebrb\u00ebjn\u00eb nj\u00eb zgjidhje t\u00eb p\u00ebrkryer p\u00ebr prind\u00ebr q\u00eb k\u00ebrkojn\u00eb rehati, but\u00ebsi<span class=\"excerpt-hellip\"> [\u2026]<\/span><\/p>\n","protected":false},"featured_media":1237,"template":"","meta":[],"product_brand":[75],"product_cat":[96,100],"product_tag":[],"class_list":{"0":"post-1234","1":"product","2":"type-product","3":"status-publish","4":"has-post-thumbnail","6":"product_brand-lionelo","7":"product_cat-aksesore","8":"product_cat-organizues","10":"first","11":"instock","12":"taxable","13":"shipping-taxable","14":"purchasable","15":"product-type-variable"},"_links":{"self":[{"href":"https:\/\/www.mimmobaby.com\/index.php?rest_route=\/wp\/v2\/product\/1234","targetHints":{"allow":["GET"]}}],"collection":[{"href":"https:\/\/www.mimmobaby.com\/index.php?rest_route=\/wp\/v2\/product"}],"about":[{"href":"https:\/\/www.mimmobaby.com\/index.php?rest_route=\/wp\/v2\/types\/product"}],"wp:featuredmedia":[{"embeddable":true,"href":"https:\/\/www.mimmobaby.com\/index.php?rest_route=\/wp\/v2\/media\/1237"}],"wp:attachment":[{"href":"https:\/\/www.mimmobaby.com\/index.php?rest_route=%2Fwp%2Fv2%2Fmedia&parent=1234"}],"wp:term":[{"taxonomy":"product_brand","embeddable":true,"href":"https:\/\/www.mimmobaby.com\/index.php?rest_route=%2Fwp%2Fv2%2Fproduct_brand&post=1234"},{"taxonomy":"product_cat","embeddable":true,"href":"https:\/\/www.mimmobaby.com\/index.php?rest_route=%2Fwp%2Fv2%2Fproduct_cat&post=1234"},{"taxonomy":"product_tag","embeddable":true,"href":"https:\/\/www.mimmobaby.com\/index.php?rest_route=%2Fwp%2Fv2%2Fproduct_tag&post=1234"}],"curies":[{"name":"wp","href":"https:\/\/api.w.org\/{rel}","templated":true}]}}