{"id":1848,"date":"2026-04-04T01:27:45","date_gmt":"2026-04-04T01:27:45","guid":{"rendered":"https:\/\/www.mimmobaby.com\/?post_type=product&#038;p=1848"},"modified":"2026-04-04T01:27:45","modified_gmt":"2026-04-04T01:27:45","slug":"loja-per-femije-sarah-betz-autobusi","status":"publish","type":"product","link":"https:\/\/www.mimmobaby.com\/?product=loja-per-femije-sarah-betz-autobusi","title":{"rendered":"Loja p\u00ebr f\u00ebmij\u00eb Sarah Betz \u2013 autobusi"},"content":{"rendered":"","protected":false},"excerpt":{"rendered":"","protected":false},"featured_media":1857,"template":"","meta":[],"product_brand":[81],"product_cat":[105],"product_tag":[],"class_list":{"0":"post-1848","1":"product","2":"type-product","3":"status-publish","4":"has-post-thumbnail","6":"product_brand-vilac","7":"product_cat-lodra","9":"first","10":"instock","11":"taxable","12":"shipping-taxable","13":"purchasable","14":"product-type-simple"},"_links":{"self":[{"href":"https:\/\/www.mimmobaby.com\/index.php?rest_route=\/wp\/v2\/product\/1848","targetHints":{"allow":["GET"]}}],"collection":[{"href":"https:\/\/www.mimmobaby.com\/index.php?rest_route=\/wp\/v2\/product"}],"about":[{"href":"https:\/\/www.mimmobaby.com\/index.php?rest_route=\/wp\/v2\/types\/product"}],"wp:featuredmedia":[{"embeddable":true,"href":"https:\/\/www.mimmobaby.com\/index.php?rest_route=\/wp\/v2\/media\/1857"}],"wp:attachment":[{"href":"https:\/\/www.mimmobaby.com\/index.php?rest_route=%2Fwp%2Fv2%2Fmedia&parent=1848"}],"wp:term":[{"taxonomy":"product_brand","embeddable":true,"href":"https:\/\/www.mimmobaby.com\/index.php?rest_route=%2Fwp%2Fv2%2Fproduct_brand&post=1848"},{"taxonomy":"product_cat","embeddable":true,"href":"https:\/\/www.mimmobaby.com\/index.php?rest_route=%2Fwp%2Fv2%2Fproduct_cat&post=1848"},{"taxonomy":"product_tag","embeddable":true,"href":"https:\/\/www.mimmobaby.com\/index.php?rest_route=%2Fwp%2Fv2%2Fproduct_tag&post=1848"}],"curies":[{"name":"wp","href":"https:\/\/api.w.org\/{rel}","templated":true}]}}