{"id":2006,"date":"2026-04-06T10:23:00","date_gmt":"2026-04-06T10:23:00","guid":{"rendered":"https:\/\/www.mimmobaby.com\/?post_type=product&#038;p=2006"},"modified":"2026-04-06T10:24:57","modified_gmt":"2026-04-06T10:24:57","slug":"triko-flora","status":"publish","type":"product","link":"https:\/\/www.mimmobaby.com\/?product=triko-flora","title":{"rendered":"Triko Flora"},"content":{"rendered":"<h3 data-section-id=\"1kxinnt\" data-start=\"63\" data-end=\"96\">Triko Flora \u2013 Warm Linen<\/h3>\n<p data-start=\"98\" data-end=\"439\">Zbuloni trik\u00ebn e bukur <strong data-start=\"121\" data-end=\"130\">Flora<\/strong> nga Baby\u2019s Only! Kjo triko e thurur me kujdes ka nj\u00eb model t\u00eb ve\u00e7ant\u00eb me vrima dekorative, q\u00eb i japin nj\u00eb pamje elegante dhe t\u00eb rafinuar. Kopsat e dallueshme nga qafa deri posht\u00eb shtojn\u00eb nj\u00eb detaj unik dhe stil, nd\u00ebrsa fundet elastike n\u00eb m\u00ebng\u00eb dhe pjes\u00ebn e poshtme sigurojn\u00eb rehati dhe p\u00ebrshtatje perfekte.<\/p>\n<p data-start=\"441\" data-end=\"740\">Triko Flora \u00ebsht\u00eb ideale p\u00ebr t\u2019u kombinuar me produkte nga koleksionet Stripe dhe Willow, duke ju mund\u00ebsuar t\u00eb krijoni kombinime t\u00eb shumta moderne p\u00ebr bebin tuaj. E disponueshme n\u00eb dy ngjyra t\u00eb bukura dhe n\u00eb madh\u00ebsit\u00eb <strong data-start=\"659\" data-end=\"676\">56 deri n\u00eb 80<\/strong>, kjo triko \u00ebsht\u00eb nj\u00eb \u201cmust-have\u201d p\u00ebr garderob\u00ebn e \u00e7do bebeje.<\/p>\n<hr data-start=\"742\" data-end=\"745\" \/>\n<h3 data-section-id=\"11q1bb8\" data-start=\"747\" data-end=\"775\">\ud83d\udccb Detajet e produktit<\/h3>\n<ul data-start=\"776\" data-end=\"991\">\n<li data-section-id=\"vegvrv\" data-start=\"776\" data-end=\"819\"><strong data-start=\"778\" data-end=\"799\">Kodi i produktit:<\/strong> BO-345.321.027.68<\/li>\n<li data-section-id=\"17d6itc\" data-start=\"820\" data-end=\"846\"><strong data-start=\"822\" data-end=\"830\">EAN:<\/strong> 8720791357092<\/li>\n<li data-section-id=\"1fw7sdo\" data-start=\"847\" data-end=\"869\"><strong data-start=\"849\" data-end=\"860\">Gjinia:<\/strong> Unisex<\/li>\n<li data-section-id=\"q5zxw5\" data-start=\"870\" data-end=\"910\"><strong data-start=\"872\" data-end=\"883\">Sezoni:<\/strong> Vjesht\u00eb, Pranver\u00eb, Dim\u00ebr<\/li>\n<li data-section-id=\"1w9ll1r\" data-start=\"911\" data-end=\"931\"><strong data-start=\"913\" data-end=\"923\">Stili:<\/strong> Flora<\/li>\n<li data-section-id=\"1qy1ejw\" data-start=\"932\" data-end=\"952\"><strong data-start=\"934\" data-end=\"947\">Madh\u00ebsia:<\/strong> 68<\/li>\n<li data-section-id=\"1yhqv83\" data-start=\"953\" data-end=\"991\"><strong data-start=\"955\" data-end=\"969\">Materiali:<\/strong> 100% pambuk organik<\/li>\n<\/ul>\n","protected":false},"excerpt":{"rendered":"<p>Triko Flora \u2013 Warm Linen Zbuloni trik\u00ebn e bukur Flora nga Baby\u2019s Only! Kjo triko e thurur me kujdes ka nj\u00eb model t\u00eb ve\u00e7ant\u00eb me vrima<span class=\"excerpt-hellip\"> [\u2026]<\/span><\/p>\n","protected":false},"featured_media":2019,"template":"","meta":[],"product_brand":[127],"product_cat":[16,108,106],"product_tag":[],"class_list":{"0":"post-2006","1":"product","2":"type-product","3":"status-publish","4":"has-post-thumbnail","6":"product_brand-babys-only","7":"product_cat-mimmo","8":"product_cat-rroba","9":"product_cat-tekstil","11":"first","12":"instock","13":"taxable","14":"shipping-taxable","15":"purchasable","16":"product-type-variable"},"_links":{"self":[{"href":"https:\/\/www.mimmobaby.com\/index.php?rest_route=\/wp\/v2\/product\/2006","targetHints":{"allow":["GET"]}}],"collection":[{"href":"https:\/\/www.mimmobaby.com\/index.php?rest_route=\/wp\/v2\/product"}],"about":[{"href":"https:\/\/www.mimmobaby.com\/index.php?rest_route=\/wp\/v2\/types\/product"}],"wp:featuredmedia":[{"embeddable":true,"href":"https:\/\/www.mimmobaby.com\/index.php?rest_route=\/wp\/v2\/media\/2019"}],"wp:attachment":[{"href":"https:\/\/www.mimmobaby.com\/index.php?rest_route=%2Fwp%2Fv2%2Fmedia&parent=2006"}],"wp:term":[{"taxonomy":"product_brand","embeddable":true,"href":"https:\/\/www.mimmobaby.com\/index.php?rest_route=%2Fwp%2Fv2%2Fproduct_brand&post=2006"},{"taxonomy":"product_cat","embeddable":true,"href":"https:\/\/www.mimmobaby.com\/index.php?rest_route=%2Fwp%2Fv2%2Fproduct_cat&post=2006"},{"taxonomy":"product_tag","embeddable":true,"href":"https:\/\/www.mimmobaby.com\/index.php?rest_route=%2Fwp%2Fv2%2Fproduct_tag&post=2006"}],"curies":[{"name":"wp","href":"https:\/\/api.w.org\/{rel}","templated":true}]}}