{"id":2020,"date":"2026-04-06T10:30:47","date_gmt":"2026-04-06T10:30:47","guid":{"rendered":"https:\/\/www.mimmobaby.com\/?post_type=product&#038;p=2020"},"modified":"2026-04-06T11:37:40","modified_gmt":"2026-04-06T11:37:40","slug":"corape-stripe","status":"publish","type":"product","link":"https:\/\/www.mimmobaby.com\/?product=corape-stripe","title":{"rendered":"\u00c7orape Stripe"},"content":{"rendered":"<h3 data-section-id=\"1ao280h\" data-start=\"63\" data-end=\"95\">\u00c7orape\u00a0 Stripe<\/h3>\n<p data-start=\"97\" data-end=\"387\">Zbuloni \u00e7orapet e adhurueshme <strong data-start=\"127\" data-end=\"137\">Stripe<\/strong> nga Baby\u2019s Only! K\u00ebto \u00e7orape kan\u00eb vija t\u00eb k\u00ebndshme dhe pjes\u00eb t\u00eb palosur sip\u00ebr, duke i dh\u00ebn\u00eb nj\u00eb pamje lojale dhe moderne. T\u00eb punuara nga <strong data-start=\"275\" data-end=\"297\">95% pambuk organik<\/strong>, ofrojn\u00eb ndjesi shum\u00eb t\u00eb but\u00eb dhe rehati maksimale p\u00ebr k\u00ebmb\u00ebt e ndjeshme t\u00eb bebit tuaj.<\/p>\n<p data-start=\"389\" data-end=\"718\">\u00c7orapet Stripe jan\u00eb perfekte p\u00ebr t\u2019u kombinuar me koleksionin e rrobave t\u00eb thurura ose me produkte t\u00eb tjera nga koleksioni Stripe, duke krijuar nj\u00eb veshje t\u00eb plot\u00eb dhe moderne. T\u00eb disponueshme n\u00eb dy ngjyra t\u00eb bukura dhe n\u00eb madh\u00ebsit\u00eb <strong data-start=\"622\" data-end=\"634\">0-3 muaj<\/strong> dhe <strong data-start=\"639\" data-end=\"651\">3-6 muaj<\/strong>, k\u00ebto \u00e7orape jan\u00eb nj\u00eb domosdoshm\u00ebri p\u00ebr garderob\u00ebn e \u00e7do bebeje.<\/p>\n<hr data-start=\"720\" data-end=\"723\" \/>\n<h3 data-section-id=\"11q1bb8\" data-start=\"725\" data-end=\"753\">\ud83d\udccb Detajet e produktit<\/h3>\n<ul data-start=\"754\" data-end=\"986\">\n<li data-section-id=\"fp1pg3\" data-start=\"754\" data-end=\"797\"><strong data-start=\"756\" data-end=\"777\">Kodi i produktit:<\/strong> BO-344.328.007.48<\/li>\n<li data-section-id=\"15anqyu\" data-start=\"798\" data-end=\"824\"><strong data-start=\"800\" data-end=\"808\">EAN:<\/strong> 8720791356941<\/li>\n<li data-section-id=\"1klcvo6\" data-start=\"825\" data-end=\"846\"><strong data-start=\"827\" data-end=\"838\">Gjinia:<\/strong> Vajza<\/li>\n<li data-section-id=\"q5zxw5\" data-start=\"847\" data-end=\"887\"><strong data-start=\"849\" data-end=\"860\">Sezoni:<\/strong> Vjesht\u00eb, Pranver\u00eb, Dim\u00ebr<\/li>\n<li data-section-id=\"1w2vvcg\" data-start=\"888\" data-end=\"909\"><strong data-start=\"890\" data-end=\"900\">Stili:<\/strong> Stripe<\/li>\n<li data-section-id=\"178gh5r\" data-start=\"910\" data-end=\"936\"><strong data-start=\"912\" data-end=\"925\">Madh\u00ebsia:<\/strong> 0-3 muaj dhe 3-6 muaj<\/li>\n<li data-section-id=\"1nv0jn6\" data-start=\"937\" data-end=\"986\"><strong data-start=\"939\" data-end=\"953\">Materiali:<\/strong> 95% pambuk organik, 5% elastan<\/li>\n<\/ul>\n","protected":false},"excerpt":{"rendered":"<p>\u00c7orape\u00a0 Stripe Zbuloni \u00e7orapet e adhurueshme Stripe nga Baby\u2019s Only! K\u00ebto \u00e7orape kan\u00eb vija t\u00eb k\u00ebndshme dhe pjes\u00eb t\u00eb palosur sip\u00ebr, duke i dh\u00ebn\u00eb nj\u00eb pamje<span class=\"excerpt-hellip\"> [\u2026]<\/span><\/p>\n","protected":false},"featured_media":2026,"template":"","meta":[],"product_brand":[127],"product_cat":[16,108,106],"product_tag":[],"class_list":{"0":"post-2020","1":"product","2":"type-product","3":"status-publish","4":"has-post-thumbnail","6":"product_brand-babys-only","7":"product_cat-mimmo","8":"product_cat-rroba","9":"product_cat-tekstil","11":"first","12":"instock","13":"taxable","14":"shipping-taxable","15":"purchasable","16":"product-type-variable"},"_links":{"self":[{"href":"https:\/\/www.mimmobaby.com\/index.php?rest_route=\/wp\/v2\/product\/2020","targetHints":{"allow":["GET"]}}],"collection":[{"href":"https:\/\/www.mimmobaby.com\/index.php?rest_route=\/wp\/v2\/product"}],"about":[{"href":"https:\/\/www.mimmobaby.com\/index.php?rest_route=\/wp\/v2\/types\/product"}],"wp:featuredmedia":[{"embeddable":true,"href":"https:\/\/www.mimmobaby.com\/index.php?rest_route=\/wp\/v2\/media\/2026"}],"wp:attachment":[{"href":"https:\/\/www.mimmobaby.com\/index.php?rest_route=%2Fwp%2Fv2%2Fmedia&parent=2020"}],"wp:term":[{"taxonomy":"product_brand","embeddable":true,"href":"https:\/\/www.mimmobaby.com\/index.php?rest_route=%2Fwp%2Fv2%2Fproduct_brand&post=2020"},{"taxonomy":"product_cat","embeddable":true,"href":"https:\/\/www.mimmobaby.com\/index.php?rest_route=%2Fwp%2Fv2%2Fproduct_cat&post=2020"},{"taxonomy":"product_tag","embeddable":true,"href":"https:\/\/www.mimmobaby.com\/index.php?rest_route=%2Fwp%2Fv2%2Fproduct_tag&post=2020"}],"curies":[{"name":"wp","href":"https:\/\/api.w.org\/{rel}","templated":true}]}}