{"id":2078,"date":"2026-04-06T11:41:21","date_gmt":"2026-04-06T11:41:21","guid":{"rendered":"https:\/\/www.mimmobaby.com\/?post_type=product&#038;p=2078"},"modified":"2026-04-06T11:44:07","modified_gmt":"2026-04-06T11:44:07","slug":"kapele-melange","status":"publish","type":"product","link":"https:\/\/www.mimmobaby.com\/?product=kapele-melange","title":{"rendered":"Kapel\u00eb Melange"},"content":{"rendered":"<h3 data-section-id=\"5f46qz\" data-start=\"63\" data-end=\"86\">Kapel\u00eb Melange<\/h3>\n<p data-start=\"88\" data-end=\"303\">Zbuloni kapel\u00ebn <strong data-start=\"104\" data-end=\"115\">Melange<\/strong> nga Baby\u2019s Only, nj\u00eb kapel\u00eb bazike dhe elegante q\u00eb p\u00ebrshtatet me \u00e7do veshje. Kjo kapel\u00eb ka nj\u00eb pjes\u00eb elastike n\u00eb fund q\u00eb siguron p\u00ebrshtatje perfekte dhe rehati maksimale p\u00ebr bebin tuaj.<\/p>\n<p data-start=\"305\" data-end=\"532\">E punuar nga <strong data-start=\"318\" data-end=\"341\">100% pambuk organik<\/strong>, \u00ebsht\u00eb shum\u00eb e but\u00eb p\u00ebr l\u00ebkur\u00ebn e ndjeshme t\u00eb bebit, nuk humb ngjyr\u00ebn dhe ruan form\u00ebn edhe pas larjeve t\u00eb shpeshta. \u00cbsht\u00eb e leht\u00eb p\u00ebr mir\u00ebmbajtje dhe mbetet e bukur p\u00ebrdorim pas p\u00ebrdorimi.<\/p>\n<p data-start=\"534\" data-end=\"701\">E disponueshme n\u00eb ngjyra t\u00eb ndryshme moderne dhe n\u00eb madh\u00ebsit\u00eb <strong data-start=\"596\" data-end=\"608\">0-3 muaj<\/strong>, <strong data-start=\"610\" data-end=\"622\">3-6 muaj<\/strong> dhe <strong data-start=\"627\" data-end=\"640\">premature<\/strong>, kjo kapel\u00eb ofron fleksibilitet dhe stil p\u00ebr \u00e7do kombinim.<\/p>\n<p data-start=\"703\" data-end=\"864\">Mund t\u00eb kombinohet leht\u00ebsisht me produkte t\u00eb tjera nga koleksioni Melange ose me pjes\u00eb t\u00eb tjera nga koleksioni Baby\u2019s Only p\u00ebr nj\u00eb veshje t\u00eb plot\u00eb dhe moderne.<\/p>\n<hr data-start=\"866\" data-end=\"869\" \/>\n<h3 data-section-id=\"11q1bb8\" data-start=\"871\" data-end=\"899\">\ud83d\udccb Detajet e produktit<\/h3>\n<ul data-start=\"900\" data-end=\"1124\">\n<li data-section-id=\"1bxuo2c\" data-start=\"900\" data-end=\"943\"><strong data-start=\"902\" data-end=\"923\">Kodi i produktit:<\/strong> BO-340.326.027.47<\/li>\n<li data-section-id=\"15f5nq\" data-start=\"944\" data-end=\"970\"><strong data-start=\"946\" data-end=\"954\">EAN:<\/strong> 8720512369922<\/li>\n<li data-section-id=\"1fw7sdo\" data-start=\"971\" data-end=\"993\"><strong data-start=\"973\" data-end=\"984\">Gjinia:<\/strong> Unisex<\/li>\n<li data-section-id=\"q5zxw5\" data-start=\"994\" data-end=\"1034\"><strong data-start=\"996\" data-end=\"1007\">Sezoni:<\/strong> Vjesht\u00eb, Pranver\u00eb, Dim\u00ebr<\/li>\n<li data-section-id=\"1mw2ywg\" data-start=\"1035\" data-end=\"1057\"><strong data-start=\"1037\" data-end=\"1047\">Stili:<\/strong> Melange<\/li>\n<li data-section-id=\"a0sv6n\" data-start=\"1058\" data-end=\"1085\"><strong data-start=\"1060\" data-end=\"1073\">Madh\u00ebsia:<\/strong> Premature<\/li>\n<li data-section-id=\"1yhqv83\" data-start=\"1086\" data-end=\"1124\"><strong data-start=\"1088\" data-end=\"1102\">Materiali:<\/strong> 100% pambuk organik<\/li>\n<\/ul>\n","protected":false},"excerpt":{"rendered":"<p>Kapel\u00eb Melange Zbuloni kapel\u00ebn Melange nga Baby\u2019s Only, nj\u00eb kapel\u00eb bazike dhe elegante q\u00eb p\u00ebrshtatet me \u00e7do veshje. Kjo kapel\u00eb ka nj\u00eb pjes\u00eb elastike n\u00eb fund<span class=\"excerpt-hellip\"> [\u2026]<\/span><\/p>\n","protected":false},"featured_media":2081,"template":"","meta":[],"product_brand":[],"product_cat":[16],"product_tag":[],"class_list":{"0":"post-2078","1":"product","2":"type-product","3":"status-publish","4":"has-post-thumbnail","6":"product_cat-mimmo","8":"first","9":"instock","10":"taxable","11":"shipping-taxable","12":"product-type-variable"},"_links":{"self":[{"href":"https:\/\/www.mimmobaby.com\/index.php?rest_route=\/wp\/v2\/product\/2078","targetHints":{"allow":["GET"]}}],"collection":[{"href":"https:\/\/www.mimmobaby.com\/index.php?rest_route=\/wp\/v2\/product"}],"about":[{"href":"https:\/\/www.mimmobaby.com\/index.php?rest_route=\/wp\/v2\/types\/product"}],"wp:featuredmedia":[{"embeddable":true,"href":"https:\/\/www.mimmobaby.com\/index.php?rest_route=\/wp\/v2\/media\/2081"}],"wp:attachment":[{"href":"https:\/\/www.mimmobaby.com\/index.php?rest_route=%2Fwp%2Fv2%2Fmedia&parent=2078"}],"wp:term":[{"taxonomy":"product_brand","embeddable":true,"href":"https:\/\/www.mimmobaby.com\/index.php?rest_route=%2Fwp%2Fv2%2Fproduct_brand&post=2078"},{"taxonomy":"product_cat","embeddable":true,"href":"https:\/\/www.mimmobaby.com\/index.php?rest_route=%2Fwp%2Fv2%2Fproduct_cat&post=2078"},{"taxonomy":"product_tag","embeddable":true,"href":"https:\/\/www.mimmobaby.com\/index.php?rest_route=%2Fwp%2Fv2%2Fproduct_tag&post=2078"}],"curies":[{"name":"wp","href":"https:\/\/api.w.org\/{rel}","templated":true}]}}