{"id":2169,"date":"2026-04-06T13:40:19","date_gmt":"2026-04-06T13:40:19","guid":{"rendered":"https:\/\/www.mimmobaby.com\/?post_type=product&#038;p=2169"},"modified":"2026-04-06T13:40:19","modified_gmt":"2026-04-06T13:40:19","slug":"ansore-per-krevat","status":"publish","type":"product","link":"https:\/\/www.mimmobaby.com\/?product=ansore-per-krevat","title":{"rendered":"Ansore p\u00ebr krevat"},"content":{"rendered":"<p data-start=\"82\" data-end=\"142\"><strong data-start=\"82\" data-end=\"140\">Ansore p\u00ebr krevat\/loj\u00eb Sky nga Baby\u2019s Only \u2013 180&#215;30 cm<\/strong><\/p>\n<p data-start=\"144\" data-end=\"424\"><strong data-start=\"144\" data-end=\"160\">Bumper-i Sky<\/strong> nga <strong data-start=\"165\" data-end=\"180\">Baby\u2019s Only<\/strong> \u00ebsht\u00eb nj\u00eb aksesor stilor p\u00ebr krevatin e foshnj\u00ebs tuaj. Ky bumper p\u00ebrdoret si zbukurim dhe si mbrojt\u00ebs i kok\u00ebs p\u00ebr krevatin, duke ofruar siguri shtes\u00eb. Nj\u00eb avantazh tjet\u00ebr \u00ebsht\u00eb se <strong data-start=\"361\" data-end=\"421\">ushqimi ose biberoni ka m\u00eb pak gjasa t\u00eb bien nga krevati<\/strong>.<\/p>\n<p data-start=\"426\" data-end=\"626\">Materiali i bumper-it \u00ebsht\u00eb i rafinuar dhe i ajrosur, duke i dh\u00ebn\u00eb nj\u00eb pamje luksoze. Ai vendoset n\u00eb fundin e kok\u00ebs s\u00eb krevatit dhe fiksohet me <strong data-start=\"570\" data-end=\"598\">korda t\u00eb lidhura me fije<\/strong>, p\u00ebr t\u00eb q\u00ebndruar n\u00eb vend.<\/p>\n<p data-start=\"628\" data-end=\"654\"><strong data-start=\"628\" data-end=\"652\">Detajet e Produktit:<\/strong><\/p>\n<ul data-start=\"655\" data-end=\"848\">\n<li data-section-id=\"181su8i\" data-start=\"655\" data-end=\"699\"><strong data-start=\"657\" data-end=\"679\">Numri i Produktit:<\/strong> BO-031.042.027.50<\/li>\n<li data-section-id=\"1tutt2h\" data-start=\"700\" data-end=\"732\"><strong data-start=\"702\" data-end=\"716\">Numri EAN:<\/strong> 8720512365610<\/li>\n<li data-section-id=\"7stuek\" data-start=\"733\" data-end=\"756\"><strong data-start=\"735\" data-end=\"746\">Gjinia:<\/strong> Uniseks<\/li>\n<li data-section-id=\"1cvef5k\" data-start=\"757\" data-end=\"775\"><strong data-start=\"759\" data-end=\"769\">Stili:<\/strong> Sky<\/li>\n<li data-section-id=\"arqc0y\" data-start=\"776\" data-end=\"805\"><strong data-start=\"778\" data-end=\"791\">Madh\u00ebsia:<\/strong> 180x30x4 cm<\/li>\n<li data-section-id=\"16pqt8j\" data-start=\"806\" data-end=\"848\"><strong data-start=\"808\" data-end=\"822\">Materiali:<\/strong> 50% pambuk, 50% akrilik<\/li>\n<\/ul>\n","protected":false},"excerpt":{"rendered":"<p>Ansore p\u00ebr krevat\/loj\u00eb Sky nga Baby\u2019s Only \u2013 180&#215;30 cm Bumper-i Sky nga Baby\u2019s Only \u00ebsht\u00eb nj\u00eb aksesor stilor p\u00ebr krevatin e foshnj\u00ebs tuaj. Ky bumper<span class=\"excerpt-hellip\"> [\u2026]<\/span><\/p>\n","protected":false},"featured_media":2175,"template":"","meta":[],"product_brand":[127],"product_cat":[96,98,16],"product_tag":[],"class_list":{"0":"post-2169","1":"product","2":"type-product","3":"status-publish","4":"has-post-thumbnail","6":"product_brand-babys-only","7":"product_cat-aksesore","8":"product_cat-anesore-aksesore","9":"product_cat-mimmo","11":"first","12":"instock","13":"taxable","14":"shipping-taxable","15":"purchasable","16":"product-type-variable"},"_links":{"self":[{"href":"https:\/\/www.mimmobaby.com\/index.php?rest_route=\/wp\/v2\/product\/2169","targetHints":{"allow":["GET"]}}],"collection":[{"href":"https:\/\/www.mimmobaby.com\/index.php?rest_route=\/wp\/v2\/product"}],"about":[{"href":"https:\/\/www.mimmobaby.com\/index.php?rest_route=\/wp\/v2\/types\/product"}],"wp:featuredmedia":[{"embeddable":true,"href":"https:\/\/www.mimmobaby.com\/index.php?rest_route=\/wp\/v2\/media\/2175"}],"wp:attachment":[{"href":"https:\/\/www.mimmobaby.com\/index.php?rest_route=%2Fwp%2Fv2%2Fmedia&parent=2169"}],"wp:term":[{"taxonomy":"product_brand","embeddable":true,"href":"https:\/\/www.mimmobaby.com\/index.php?rest_route=%2Fwp%2Fv2%2Fproduct_brand&post=2169"},{"taxonomy":"product_cat","embeddable":true,"href":"https:\/\/www.mimmobaby.com\/index.php?rest_route=%2Fwp%2Fv2%2Fproduct_cat&post=2169"},{"taxonomy":"product_tag","embeddable":true,"href":"https:\/\/www.mimmobaby.com\/index.php?rest_route=%2Fwp%2Fv2%2Fproduct_tag&post=2169"}],"curies":[{"name":"wp","href":"https:\/\/api.w.org\/{rel}","templated":true}]}}