{"id":468,"date":"2026-03-26T00:49:28","date_gmt":"2026-03-26T00:49:28","guid":{"rendered":"https:\/\/www.mimmobaby.com\/?post_type=product&#038;p=468"},"modified":"2026-03-26T00:51:21","modified_gmt":"2026-03-26T00:51:21","slug":"lo-organizer","status":"publish","type":"product","link":"https:\/\/www.mimmobaby.com\/?product=lo-organizer","title":{"rendered":"LO-ORGANIZER"},"content":{"rendered":"<h2 data-start=\"101\" data-end=\"156\"><strong data-start=\"101\" data-end=\"154\">Organizer Lionelo\u00a0<\/strong><\/h2>\n<p data-start=\"158\" data-end=\"213\"><strong data-start=\"158\" data-end=\"211\">Organizer praktiku p\u00ebr sediljen e makin\u00ebs Lionelo<\/strong><\/p>\n<p data-start=\"215\" data-end=\"554\"><strong data-start=\"215\" data-end=\"236\">Organizer Lionelo<\/strong>\u00a0\u00ebsht\u00eb nj\u00eb produkt praktik\u00a0<strong data-start=\"263\" data-end=\"273\">2-n\u00eb-1<\/strong>\u00a0q\u00eb mbron mb\u00ebshtet\u00ebsen e sediljes nga papast\u00ebrtit\u00eb dhe ofron nj\u00eb vend t\u00eb rehatsh\u00ebm p\u00ebr t\u00eb ruajtur aksesor\u00ebt e f\u00ebmij\u00ebs. Brezi universal me Velcro e lejon t\u00eb montohet leht\u00ebsisht n\u00eb makin\u00eb, duke siguruar q\u00eb f\u00ebmija gjithmon\u00eb t\u00eb ket\u00eb pran\u00eb lodr\u00ebn, librin ose pijen e tij t\u00eb preferuar.<\/p>\n<hr data-start=\"556\" data-end=\"559\" \/>\n<p data-start=\"561\" data-end=\"609\"><strong data-start=\"561\" data-end=\"607\">Transport i sigurt i aksesor\u00ebve t\u00eb f\u00ebmij\u00ebs<\/strong><\/p>\n<p data-start=\"611\" data-end=\"942\">Organizuesi i Lionelo, i b\u00ebr\u00eb nga felt, ka\u00a0<strong data-start=\"654\" data-end=\"688\">7 xhepa me madh\u00ebsi t\u00eb ndryshme<\/strong>, ku mund t\u00eb vendosen gj\u00ebrat q\u00eb nevojiten gjat\u00eb udh\u00ebtimit. Kjo jo vet\u00ebm q\u00eb ndihmon n\u00eb ruajtjen e rregullit dhe rehatis\u00eb, por gjithashtu rrit sigurin\u00eb gjat\u00eb udh\u00ebtimit \u2013 gjat\u00eb frenimeve t\u00eb papritura, gj\u00ebrat e vendosura n\u00eb xhepa nuk p\u00ebrb\u00ebjn\u00eb asnj\u00eb rrezik.<\/p>\n<hr data-start=\"944\" data-end=\"947\" \/>\n<p data-start=\"949\" data-end=\"984\"><strong data-start=\"949\" data-end=\"982\">Mbrojt\u00ebs praktik p\u00ebr sediljen<\/strong><\/p>\n<p data-start=\"986\" data-end=\"1238\">Tapiceria e pap\u00ebrmbajtur e sediljes mund t\u00eb ndotet kur udh\u00ebtojm\u00eb me nj\u00eb pasagjer t\u00eb vog\u00ebl dhe energjik.\u00a0<strong data-start=\"1090\" data-end=\"1111\">Organizer Lionelo<\/strong>\u00a0sh\u00ebrben si nj\u00eb mbrojt\u00ebs praktik, i cili mund t\u00eb fiksohet n\u00eb m\u00ebnyr\u00eb t\u00eb sigurt n\u00eb sip\u00ebrfaqen e sediljes me ndihm\u00ebn e kap\u00ebseve.<\/p>\n","protected":false},"excerpt":{"rendered":"<p>Organizer Lionelo\u00a0 Organizer praktiku p\u00ebr sediljen e makin\u00ebs Lionelo Organizer Lionelo\u00a0\u00ebsht\u00eb nj\u00eb produkt praktik\u00a02-n\u00eb-1\u00a0q\u00eb mbron mb\u00ebshtet\u00ebsen e sediljes nga papast\u00ebrtit\u00eb dhe ofron nj\u00eb vend t\u00eb rehatsh\u00ebm<span class=\"excerpt-hellip\"> [\u2026]<\/span><\/p>\n","protected":false},"featured_media":470,"template":"","meta":[],"product_brand":[75],"product_cat":[96,100],"product_tag":[],"class_list":{"0":"post-468","1":"product","2":"type-product","3":"status-publish","4":"has-post-thumbnail","6":"product_brand-lionelo","7":"product_cat-aksesore","8":"product_cat-organizues","10":"first","11":"instock","12":"taxable","13":"shipping-taxable","14":"purchasable","15":"product-type-simple"},"_links":{"self":[{"href":"https:\/\/www.mimmobaby.com\/index.php?rest_route=\/wp\/v2\/product\/468","targetHints":{"allow":["GET"]}}],"collection":[{"href":"https:\/\/www.mimmobaby.com\/index.php?rest_route=\/wp\/v2\/product"}],"about":[{"href":"https:\/\/www.mimmobaby.com\/index.php?rest_route=\/wp\/v2\/types\/product"}],"wp:featuredmedia":[{"embeddable":true,"href":"https:\/\/www.mimmobaby.com\/index.php?rest_route=\/wp\/v2\/media\/470"}],"wp:attachment":[{"href":"https:\/\/www.mimmobaby.com\/index.php?rest_route=%2Fwp%2Fv2%2Fmedia&parent=468"}],"wp:term":[{"taxonomy":"product_brand","embeddable":true,"href":"https:\/\/www.mimmobaby.com\/index.php?rest_route=%2Fwp%2Fv2%2Fproduct_brand&post=468"},{"taxonomy":"product_cat","embeddable":true,"href":"https:\/\/www.mimmobaby.com\/index.php?rest_route=%2Fwp%2Fv2%2Fproduct_cat&post=468"},{"taxonomy":"product_tag","embeddable":true,"href":"https:\/\/www.mimmobaby.com\/index.php?rest_route=%2Fwp%2Fv2%2Fproduct_tag&post=468"}],"curies":[{"name":"wp","href":"https:\/\/api.w.org\/{rel}","templated":true}]}}