{"id":471,"date":"2026-03-26T00:54:09","date_gmt":"2026-03-26T00:54:09","guid":{"rendered":"https:\/\/www.mimmobaby.com\/?post_type=product&#038;p=471"},"modified":"2026-03-26T00:56:26","modified_gmt":"2026-03-26T00:56:26","slug":"loc-flexigrip-white","status":"publish","type":"product","link":"https:\/\/www.mimmobaby.com\/?product=loc-flexigrip-white","title":{"rendered":"LOC-FLEXIGRIP WHITE"},"content":{"rendered":"<p data-start=\"70\" data-end=\"115\"><strong data-start=\"70\" data-end=\"113\">FlexiGrip \u2013 Mbajt\u00ebs i shtuar p\u00ebr kamer\u00eb<\/strong><\/p>\n<p data-start=\"117\" data-end=\"737\"><strong data-start=\"117\" data-end=\"130\">FlexiGrip<\/strong>\u00a0\u00ebsht\u00eb nj\u00eb mbajt\u00ebs shtes\u00eb p\u00ebr kamer\u00ebn e f\u00ebmij\u00ebs q\u00eb lejon montim pa nd\u00ebrhyrje n\u00eb dy m\u00ebnyra: me ndihm\u00ebn e nj\u00eb shiriti elastik ose t\u00eb nj\u00eb kap\u00ebsi t\u00eb ve\u00e7ant\u00eb. Kjo e b\u00ebn t\u00eb mundur vendosjen e kamer\u00ebs edhe n\u00eb vende t\u00eb v\u00ebshtira ose jo t\u00eb zakonshme. Ajo q\u00eb e b\u00ebn FlexiGrip t\u00eb ve\u00e7ant\u00eb \u00ebsht\u00eb kryesisht shiriti elastik, i cili mund t\u00eb rrethoj\u00eb sip\u00ebrfaqe t\u00eb ndryshme dhe t\u00eb ndryshoj\u00eb lirisht k\u00ebndin e shikimit. Nd\u00ebrsa kap\u00ebsi garanton q\u00ebndrueshm\u00ebri dhe mund t\u00eb kap sip\u00ebrfaqe me trash\u00ebsi nga 5 deri n\u00eb 48 mm. Produkti \u00ebsht\u00eb i p\u00ebrputhsh\u00ebm me shumic\u00ebn e kamerave\u00a0<strong data-start=\"676\" data-end=\"696\">Lionelo Babyline<\/strong>\u00a0dhe pajisjet e tjera me rr\u00ebshqitje \u00bc\u201d.<\/p>\n","protected":false},"excerpt":{"rendered":"<p>FlexiGrip \u2013 Mbajt\u00ebs i shtuar p\u00ebr kamer\u00eb FlexiGrip\u00a0\u00ebsht\u00eb nj\u00eb mbajt\u00ebs shtes\u00eb p\u00ebr kamer\u00ebn e f\u00ebmij\u00ebs q\u00eb lejon montim pa nd\u00ebrhyrje n\u00eb dy m\u00ebnyra: me ndihm\u00ebn e<span class=\"excerpt-hellip\"> [\u2026]<\/span><\/p>\n","protected":false},"featured_media":476,"template":"","meta":[],"product_brand":[86],"product_cat":[96],"product_tag":[],"class_list":{"0":"post-471","1":"product","2":"type-product","3":"status-publish","4":"has-post-thumbnail","6":"product_brand-lionelo-care","7":"product_cat-aksesore","9":"first","10":"instock","11":"taxable","12":"shipping-taxable","13":"purchasable","14":"product-type-simple"},"_links":{"self":[{"href":"https:\/\/www.mimmobaby.com\/index.php?rest_route=\/wp\/v2\/product\/471","targetHints":{"allow":["GET"]}}],"collection":[{"href":"https:\/\/www.mimmobaby.com\/index.php?rest_route=\/wp\/v2\/product"}],"about":[{"href":"https:\/\/www.mimmobaby.com\/index.php?rest_route=\/wp\/v2\/types\/product"}],"wp:featuredmedia":[{"embeddable":true,"href":"https:\/\/www.mimmobaby.com\/index.php?rest_route=\/wp\/v2\/media\/476"}],"wp:attachment":[{"href":"https:\/\/www.mimmobaby.com\/index.php?rest_route=%2Fwp%2Fv2%2Fmedia&parent=471"}],"wp:term":[{"taxonomy":"product_brand","embeddable":true,"href":"https:\/\/www.mimmobaby.com\/index.php?rest_route=%2Fwp%2Fv2%2Fproduct_brand&post=471"},{"taxonomy":"product_cat","embeddable":true,"href":"https:\/\/www.mimmobaby.com\/index.php?rest_route=%2Fwp%2Fv2%2Fproduct_cat&post=471"},{"taxonomy":"product_tag","embeddable":true,"href":"https:\/\/www.mimmobaby.com\/index.php?rest_route=%2Fwp%2Fv2%2Fproduct_tag&post=471"}],"curies":[{"name":"wp","href":"https:\/\/api.w.org\/{rel}","templated":true}]}}