{"id":919,"date":"2026-03-31T01:03:53","date_gmt":"2026-03-31T01:03:53","guid":{"rendered":"https:\/\/www.mimmobaby.com\/?post_type=product&#038;p=919"},"modified":"2026-03-31T01:03:54","modified_gmt":"2026-03-31T01:03:54","slug":"lo-helmet","status":"publish","type":"product","link":"https:\/\/www.mimmobaby.com\/?product=lo-helmet","title":{"rendered":"LO-HELMET"},"content":{"rendered":"<p data-end=\"697\" data-start=\"0\">Lionelo Helmet \u00ebsht\u00eb nj\u00eb kask\u00eb mbrojt\u00ebse p\u00ebr f\u00ebmij\u00eb, e dizajnuar p\u00ebr t\u00eb siguruar mbrojtje maksimale gjat\u00eb ngasjes s\u00eb bi\u00e7iklet\u00ebs, scooter-it apo lodrave t\u00eb tjera me rrota. Kjo kask\u00eb \u00ebsht\u00eb e p\u00ebrshtatshme p\u00ebr f\u00ebmij\u00eb me p\u00ebrmas\u00eb koke nga 50 deri n\u00eb 56 cm dhe \u00ebsht\u00eb nd\u00ebrtuar me kujdes p\u00ebr t\u00eb kombinuar sigurin\u00eb, rehatin\u00eb dhe stilin n\u00eb nj\u00eb produkt t\u00eb vet\u00ebm. Pjesa e jashtme \u00ebsht\u00eb nd\u00ebrtuar nga materiali i fort\u00eb ABS, nd\u00ebrsa brend\u00ebsia p\u00ebrmban shtres\u00eb t\u00eb dendur EPS q\u00eb p\u00ebrthith energjin\u00eb n\u00eb rast goditjeje, duke mbrojtur n\u00eb m\u00ebnyr\u00eb efektive kok\u00ebn e f\u00ebmij\u00ebs n\u00eb \u00e7do situat\u00eb. Kaska \u00ebsht\u00eb shum\u00eb e leht\u00eb dhe peshon vet\u00ebm 300 gram, \u00e7ka e b\u00ebn t\u00eb rehatshme p\u00ebr p\u00ebrdorim t\u00eb p\u00ebrditsh\u00ebm pa shkaktuar lodhje apo presion.<\/p>\n<p data-end=\"1295\" data-start=\"699\">Sistemi i rregullimit t\u00eb dyfisht\u00eb lejon p\u00ebrshtatje t\u00eb sakt\u00eb me form\u00ebn e kok\u00ebs dhe siguron q\u00eb kaska t\u00eb q\u00ebndroj\u00eb n\u00eb vend gjat\u00eb gjith\u00eb koh\u00ebs. Mbyllja posht\u00eb mjekr\u00ebs \u00ebsht\u00eb e but\u00eb dhe e sigurt, me mbrojtje shtes\u00eb p\u00ebr t\u00eb shmangur shqet\u00ebsimet gjat\u00eb p\u00ebrdorimit. Kaska ka gjithsej 11 vrima ventilimi q\u00eb mund\u00ebsojn\u00eb qarkullim t\u00eb lir\u00eb t\u00eb ajrit dhe mbajtjen e kok\u00ebs s\u00eb f\u00ebmij\u00ebs t\u00eb fresk\u00ebt edhe gjat\u00eb l\u00ebvizjes m\u00eb intensive. P\u00ebrve\u00e7 funksionalitetit, Lionelo Helmet \u00ebsht\u00eb gjithashtu nj\u00eb kask\u00eb me dizajn t\u00eb bukur dhe pamje t\u00ebrheq\u00ebse, me sip\u00ebrfaqe q\u00eb mund t\u00eb personalizohet leht\u00ebsisht nga vet\u00eb f\u00ebmija n\u00ebse d\u00ebshiron.<\/p>\n<p data-is-only-node=\"\" data-is-last-node=\"\" data-end=\"1802\" data-start=\"1297\">Ngjyrat e disponueshme jan\u00eb White q\u00eb ofron nj\u00eb pamje neutrale dhe klasike, Beige Sand me tonalitet natyral dhe t\u00eb ngroht\u00eb, Pink q\u00eb \u00ebsht\u00eb e \u00ebmb\u00ebl dhe lozonjare dhe Blue Sky q\u00eb sjell nj\u00eb frym\u00eb freskie dhe dinamike. T\u00eb gjitha ngjyrat jan\u00eb t\u00eb buta dhe t\u00eb p\u00ebrshtatshme p\u00ebr shije t\u00eb ndryshme, duke e b\u00ebr\u00eb k\u00ebt\u00eb kask\u00eb nj\u00eb zgjedhje ideale p\u00ebr \u00e7do f\u00ebmij\u00eb dhe prind q\u00eb k\u00ebrkon nj\u00eb kombinim perfekt mes siguris\u00eb dhe stilit. Lionelo Helmet \u00ebsht\u00eb zgjidhja ideale p\u00ebr mbrojtje t\u00eb p\u00ebrditshme n\u00eb \u00e7do aventur\u00eb t\u00eb vog\u00eblushit.<\/p>\n","protected":false},"excerpt":{"rendered":"<p>Lionelo Helmet \u00ebsht\u00eb nj\u00eb kask\u00eb mbrojt\u00ebse p\u00ebr f\u00ebmij\u00eb, e dizajnuar p\u00ebr t\u00eb siguruar mbrojtje maksimale gjat\u00eb ngasjes s\u00eb bi\u00e7iklet\u00ebs, scooter-it apo lodrave t\u00eb tjera me rrota.<span class=\"excerpt-hellip\"> [\u2026]<\/span><\/p>\n","protected":false},"featured_media":923,"template":"","meta":[],"product_brand":[75],"product_cat":[96],"product_tag":[],"class_list":{"0":"post-919","1":"product","2":"type-product","3":"status-publish","4":"has-post-thumbnail","6":"product_brand-lionelo","7":"product_cat-aksesore","9":"first","10":"instock","11":"taxable","12":"shipping-taxable","13":"purchasable","14":"product-type-variable"},"_links":{"self":[{"href":"https:\/\/www.mimmobaby.com\/index.php?rest_route=\/wp\/v2\/product\/919","targetHints":{"allow":["GET"]}}],"collection":[{"href":"https:\/\/www.mimmobaby.com\/index.php?rest_route=\/wp\/v2\/product"}],"about":[{"href":"https:\/\/www.mimmobaby.com\/index.php?rest_route=\/wp\/v2\/types\/product"}],"wp:featuredmedia":[{"embeddable":true,"href":"https:\/\/www.mimmobaby.com\/index.php?rest_route=\/wp\/v2\/media\/923"}],"wp:attachment":[{"href":"https:\/\/www.mimmobaby.com\/index.php?rest_route=%2Fwp%2Fv2%2Fmedia&parent=919"}],"wp:term":[{"taxonomy":"product_brand","embeddable":true,"href":"https:\/\/www.mimmobaby.com\/index.php?rest_route=%2Fwp%2Fv2%2Fproduct_brand&post=919"},{"taxonomy":"product_cat","embeddable":true,"href":"https:\/\/www.mimmobaby.com\/index.php?rest_route=%2Fwp%2Fv2%2Fproduct_cat&post=919"},{"taxonomy":"product_tag","embeddable":true,"href":"https:\/\/www.mimmobaby.com\/index.php?rest_route=%2Fwp%2Fv2%2Fproduct_tag&post=919"}],"curies":[{"name":"wp","href":"https:\/\/api.w.org\/{rel}","templated":true}]}}